{"id":1467,"date":"2024-01-20T23:10:23","date_gmt":"2024-01-20T23:10:23","guid":{"rendered":"https:\/\/grentspa.com\/?page_id=1467"},"modified":"2024-01-22T09:36:35","modified_gmt":"2024-01-22T09:36:35","slug":"comunicati-stampa-istituzionali","status":"publish","type":"page","link":"https:\/\/grentspa.com\/index.php\/investor-relations\/comunicati-stampa-istituzionali\/","title":{"rendered":"Comunicati stampa istituzionali"},"content":{"rendered":"\t\t<div data-elementor-type=\"wp-page\" data-elementor-id=\"1467\" class=\"elementor elementor-1467\" data-elementor-post-type=\"page\">\n\t\t\t\t\t\t\t\t\t<div class=\"elementor-section elementor-top-section elementor-element elementor-element-13654049 elementor-section-boxed elementor-section-height-default elementor-section-height-default\" data-id=\"13654049\" data-element_type=\"section\" data-settings=\"{&quot;background_background&quot;:&quot;slideshow&quot;,&quot;background_slideshow_gallery&quot;:[{&quot;id&quot;:289,&quot;url&quot;:&quot;https:\\\/\\\/esperiainvestor.com\\\/wp-content\\\/uploads\\\/2022\\\/02\\\/andrea-ferrario-_lJ9O3ZQnbg-unsplash-scaled.jpg&quot;},{&quot;id&quot;:708,&quot;url&quot;:&quot;https:\\\/\\\/esperiainvestor.com\\\/wp-content\\\/uploads\\\/2022\\\/02\\\/Piazza-Duomo-Milano.jpg&quot;},{&quot;id&quot;:595,&quot;url&quot;:&quot;https:\\\/\\\/esperiainvestor.com\\\/wp-content\\\/uploads\\\/2022\\\/02\\\/federico-di-dio-photography-YfcdRnkNgcU-unsplash-1.jpg&quot;},{&quot;id&quot;:596,&quot;url&quot;:&quot;https:\\\/\\\/esperiainvestor.com\\\/wp-content\\\/uploads\\\/2022\\\/02\\\/simone-daino-oBlBD5VzoXc-unsplash-1.jpg&quot;},{&quot;id&quot;:594,&quot;url&quot;:&quot;https:\\\/\\\/esperiainvestor.com\\\/wp-content\\\/uploads\\\/2022\\\/02\\\/benjamin-voros-JhjDL3TZKJk-unsplash-1.jpg&quot;}],&quot;background_slideshow_transition_duration&quot;:1000,&quot;background_slideshow_ken_burns&quot;:&quot;yes&quot;,&quot;background_slideshow_loop&quot;:&quot;yes&quot;,&quot;background_slideshow_slide_duration&quot;:5000,&quot;background_slideshow_slide_transition&quot;:&quot;fade&quot;,&quot;background_slideshow_ken_burns_zoom_direction&quot;:&quot;in&quot;}\">\n\t\t\t\t\t\t\t<div class=\"elementor-background-overlay\"><\/div>\n\t\t\t\t\t\t\t<div class=\"elementor-container elementor-column-gap-default\">\n\t\t\t\t\t<div class=\"elementor-column elementor-col-50 elementor-top-column elementor-element elementor-element-14c62dca elementor-invisible\" data-id=\"14c62dca\" data-element_type=\"column\" data-settings=\"{&quot;animation&quot;:&quot;fadeIn&quot;}\">\n\t\t\t<div class=\"elementor-widget-wrap elementor-element-populated\">\n\t\t\t\t\t\t\t\t<div class=\"elementor-element elementor-element-6bf925d6 elementor-widget elementor-widget-heading\" data-id=\"6bf925d6\" data-element_type=\"widget\" data-widget_type=\"heading.default\">\n\t\t\t\t<div class=\"elementor-widget-container\">\n\t\t\t<style>\/*! elementor - v3.18.0 - 20-12-2023 *\/\n.elementor-heading-title{padding:0;margin:0;line-height:1}.elementor-widget-heading .elementor-heading-title[class*=elementor-size-]>a{color:inherit;font-size:inherit;line-height:inherit}.elementor-widget-heading .elementor-heading-title.elementor-size-small{font-size:15px}.elementor-widget-heading .elementor-heading-title.elementor-size-medium{font-size:19px}.elementor-widget-heading .elementor-heading-title.elementor-size-large{font-size:29px}.elementor-widget-heading .elementor-heading-title.elementor-size-xl{font-size:39px}.elementor-widget-heading .elementor-heading-title.elementor-size-xxl{font-size:59px}<\/style><h1 class=\"elementor-heading-title elementor-size-default\">Comunicati stampa istituzionali<\/h1>\t\t<\/div>\n\t\t\t\t<\/div>\n\t\t\t\t<div class=\"elementor-element elementor-element-8d107c1 elementor-widget__width-inherit elementor-widget elementor-widget-text-editor\" data-id=\"8d107c1\" data-element_type=\"widget\" data-widget_type=\"text-editor.default\">\n\t\t\t\t<div class=\"elementor-widget-container\">\n\t\t\t<style>\/*! elementor - v3.18.0 - 20-12-2023 *\/\n.elementor-widget-text-editor.elementor-drop-cap-view-stacked .elementor-drop-cap{background-color:#69727d;color:#fff}.elementor-widget-text-editor.elementor-drop-cap-view-framed .elementor-drop-cap{color:#69727d;border:3px solid;background-color:transparent}.elementor-widget-text-editor:not(.elementor-drop-cap-view-default) .elementor-drop-cap{margin-top:8px}.elementor-widget-text-editor:not(.elementor-drop-cap-view-default) .elementor-drop-cap-letter{width:1em;height:1em}.elementor-widget-text-editor .elementor-drop-cap{float:left;text-align:center;line-height:1;font-size:50px}.elementor-widget-text-editor .elementor-drop-cap-letter{display:inline-block}<\/style>\t\t\t\t<p><strong>Lista Comunicati Stampa<\/strong><\/p>\t\t\t\t\t\t<\/div>\n\t\t\t\t<\/div>\n\t\t\t\t\t<\/div>\n\t\t<\/div>\n\t\t\t\t<div class=\"elementor-column elementor-col-50 elementor-top-column elementor-element elementor-element-876d71d\" data-id=\"876d71d\" data-element_type=\"column\">\n\t\t\t<div class=\"elementor-widget-wrap\">\n\t\t\t\t\t\t\t\t\t<\/div>\n\t\t<\/div>\n\t\t\t\t\t\t\t<\/div>\n\t\t<\/div>\n\t\t\t\t<section class=\"elementor-section elementor-top-section elementor-element elementor-element-69c1395 elementor-section-boxed elementor-section-height-default elementor-section-height-default\" data-id=\"69c1395\" data-element_type=\"section\">\n\t\t\t\t\t\t<div class=\"elementor-container elementor-column-gap-default\">\n\t\t\t\t\t<div class=\"elementor-column elementor-col-50 elementor-top-column elementor-element elementor-element-26bd13c\" data-id=\"26bd13c\" data-element_type=\"column\">\n\t\t\t<div class=\"elementor-widget-wrap elementor-element-populated\">\n\t\t\t\t\t\t\t\t<div class=\"elementor-element elementor-element-1159430 elementor-widget elementor-widget-text-editor\" data-id=\"1159430\" data-element_type=\"widget\" data-widget_type=\"text-editor.default\">\n\t\t\t\t<div class=\"elementor-widget-container\">\n\t\t\t\t\t\t\t<article class=\"gsr-cms-article-card\" data-v-b8ee7936=\"\"><div class=\"gsr-cms-article-card__text-wrapper\" data-v-b8ee7936=\"\"><div class=\"m-auto flex flex-col ml-0 py-3\" data-v-b8ee7936=\"\"><p><a href=\"https:\/\/santandreatopproperties.com\/gsr-alpitour\" target=\"_blank\" rel=\"noopener\"><strong>G RENT S.P.A. (GABETTI SHORT RENT) E ALPITOUR S.P.A. SIGLANO PARTNERSHIP IN ESCLUSIVA BIENNALE PER LO SVILUPPO DEL LUXURY VILLAS TRAVEL MONDIALE<\/strong><\/a><\/p><p><small data-v-b8ee7936=\"\">Gabetti Short Rent\u00a0<\/small><small data-v-b8ee7936=\"\">23-02-2022<\/small><\/p><p>Al via la collaborazione in esclusiva tra la Proptech Company del settore Hospitality di immobili di lusso ed il leader del Tour Operating italiano Alpitour S.p.A., attraverso il proprio Brand \u201cMade by Turisanda\u201d, per vacanze In ville di lusso dislocate in Italia e nel resto del mondo.<\/p><div class=\"flex flex-col space-y-4 mt-2\" data-v-b8ee7936=\"\"><div><a href=\"https:\/\/grentspa.com\/wp-content\/uploads\/2024\/01\/GabettiShortRent_cs_partnership-Alpitour_def-1.pdf\"><span class=\"cursor-pointer text-red-600 hover:text-red-700\">GabettiShortRent_cs_partnership-Alpitour_def (1)<\/span><\/a><\/div><\/div><\/div><\/div><\/article>\t\t\t\t\t\t<\/div>\n\t\t\t\t<\/div>\n\t\t\t\t\t<\/div>\n\t\t<\/div>\n\t\t\t\t<div class=\"elementor-column elementor-col-50 elementor-top-column elementor-element elementor-element-63e2eaf\" data-id=\"63e2eaf\" data-element_type=\"column\">\n\t\t\t<div class=\"elementor-widget-wrap elementor-element-populated\">\n\t\t\t\t\t\t\t\t<div class=\"elementor-element elementor-element-b9be423 elementor-widget elementor-widget-text-editor\" data-id=\"b9be423\" data-element_type=\"widget\" data-widget_type=\"text-editor.default\">\n\t\t\t\t<div class=\"elementor-widget-container\">\n\t\t\t\t\t\t\t<article class=\"gsr-cms-article-card\" data-v-b8ee7936=\"\"><div class=\"gsr-cms-article-card__text-wrapper\" data-v-b8ee7936=\"\"><div class=\"m-auto flex flex-col ml-0 py-3\" data-v-b8ee7936=\"\"><p><a href=\"https:\/\/santandreatopproperties.com\/gsr-cpi-borgo-delle-stelle\" target=\"_blank\" rel=\"noopener\"><strong>ACCORDO TRA CPI PROPERTY GROUP E G RENT S.P.A. (GABETTI SHORT RENT) PER L\u2019ALLESTIMENTO DI INTERIOR DESIGN FINALIZZATO ALLA GESTIONE IN ESCLUSIVA DA PARTE DI G RENT DEL COMPLESSO IMMOBILIARE DI LUSSO \u201cBORGO DELLE STELLE\u201d A PORTO CERVO<\/strong><\/a><\/p><p><small data-v-b8ee7936=\"\">Gabetti Short Rent\u00a0<\/small><small data-v-b8ee7936=\"\">18-10-2021<\/small><\/p><p>Milano, 18 ottobre 2021 \u2013 Il complesso immobiliare \u201cBorgo delle Stelle\u201d, un\u2019oasi di privacy e tranquillit\u00e0 nella natura incontaminata della Sardegna, con vista sull\u2019arcipelago di La Maddalena, torna a risplendere. E\u2019 stato, infatti, siglato un accordo tra CPI Property Group e G Rent S.p.A. (che opera con il marchio Gabetti Short Rent)- proptech company attiva nel settore dell\u2019hospitality di immobili di lusso, quotata sul mercato AIM Italia di Borsa Italiana \u2013 per l\u2019allestimento di interior design finalizzato alla gestione in esclusiva da parte di G Rent S.p.A. delle 14 ville di lusso di \u201cBorgo delle Stelle\u201d, situate a Porto Cervo in Costa Smeralda.<\/p><div class=\"flex flex-col space-y-4 mt-2\" data-v-b8ee7936=\"\"><div><a href=\"https:\/\/grentspa.com\/wp-content\/uploads\/2024\/01\/GabettiShortRent_cs_Borgo_delle_Stelle_def-1.pdf\"><span class=\"cursor-pointer text-red-600 hover:text-red-700\">GabettiShortRent_cs_Borgo_delle_Stelle_def (1)<\/span><\/a><\/div><\/div><\/div><\/div><\/article>\t\t\t\t\t\t<\/div>\n\t\t\t\t<\/div>\n\t\t\t\t\t<\/div>\n\t\t<\/div>\n\t\t\t\t\t\t\t<\/div>\n\t\t<\/section>\n\t\t\t\t<section class=\"elementor-section elementor-top-section elementor-element elementor-element-e977b10 elementor-section-boxed elementor-section-height-default elementor-section-height-default\" data-id=\"e977b10\" data-element_type=\"section\">\n\t\t\t\t\t\t<div class=\"elementor-container elementor-column-gap-default\">\n\t\t\t\t\t<div class=\"elementor-column elementor-col-50 elementor-top-column elementor-element elementor-element-2aa4cb6\" data-id=\"2aa4cb6\" data-element_type=\"column\">\n\t\t\t<div class=\"elementor-widget-wrap elementor-element-populated\">\n\t\t\t\t\t\t\t\t<div class=\"elementor-element elementor-element-54cc9f2 elementor-widget elementor-widget-text-editor\" data-id=\"54cc9f2\" data-element_type=\"widget\" data-widget_type=\"text-editor.default\">\n\t\t\t\t<div class=\"elementor-widget-container\">\n\t\t\t\t\t\t\t<article class=\"gsr-cms-article-card\" data-v-b8ee7936=\"\"><div class=\"gsr-cms-article-card__text-wrapper\" data-v-b8ee7936=\"\"><div class=\"m-auto flex flex-col ml-0 py-3\" data-v-b8ee7936=\"\"><p><a href=\"https:\/\/santandreatopproperties.com\/gsr-cpi-borgo-delle-stelle\" target=\"_blank\" rel=\"noopener\"><strong>ACCORDO TRA CPI PROPERTY GROUP E G RENT S.P.A. (GABETTI SHORT RENT) PER L\u2019ALLESTIMENTO DI INTERIOR DESIGN FINALIZZATO ALLA GESTIONE IN ESCLUSIVA DA PARTE DI G RENT DEL COMPLESSO IMMOBILIARE DI LUSSO \u201cBORGO DELLE STELLE\u201d A PORTO CERVO<\/strong><\/a><\/p><p><small data-v-b8ee7936=\"\">Gabetti Short Rent\u00a0<\/small><small data-v-b8ee7936=\"\">18-10-2021<\/small><\/p><p>Milano, 18 ottobre 2021 \u2013 Il complesso immobiliare \u201cBorgo delle Stelle\u201d, un\u2019oasi di privacy e tranquillit\u00e0 nella natura incontaminata della Sardegna, con vista sull\u2019arcipelago di La Maddalena, torna a risplendere. E\u2019 stato, infatti, siglato un accordo tra CPI Property Group e G Rent S.p.A. (che opera con il marchio Gabetti Short Rent)- proptech company attiva nel settore dell\u2019hospitality di immobili di lusso, quotata sul mercato AIM Italia di Borsa Italiana \u2013 per l\u2019allestimento di interior design finalizzato alla gestione in esclusiva da parte di G Rent S.p.A. delle 14 ville di lusso di \u201cBorgo delle Stelle\u201d, situate a Porto Cervo in Costa Smeralda.<\/p><div class=\"flex flex-col space-y-4 mt-2\" data-v-b8ee7936=\"\"><div><a href=\"https:\/\/grentspa.com\/wp-content\/uploads\/2024\/01\/GabettiShortRent_cs_Borgo_delle_Stelle_def-1-1.pdf\"><span class=\"cursor-pointer text-red-600 hover:text-red-700\">GabettiShortRent_cs_Borgo_delle_Stelle_def (1)<\/span><\/a><\/div><\/div><\/div><\/div><\/article>\t\t\t\t\t\t<\/div>\n\t\t\t\t<\/div>\n\t\t\t\t\t<\/div>\n\t\t<\/div>\n\t\t\t\t<div class=\"elementor-column elementor-col-50 elementor-top-column elementor-element elementor-element-4048527\" data-id=\"4048527\" data-element_type=\"column\">\n\t\t\t<div class=\"elementor-widget-wrap elementor-element-populated\">\n\t\t\t\t\t\t\t\t<div class=\"elementor-element elementor-element-6ebdf0f elementor-widget elementor-widget-text-editor\" data-id=\"6ebdf0f\" data-element_type=\"widget\" data-widget_type=\"text-editor.default\">\n\t\t\t\t<div class=\"elementor-widget-container\">\n\t\t\t\t\t\t\t<article class=\"gsr-cms-article-card\" data-v-b8ee7936=\"\"><div class=\"gsr-cms-article-card__text-wrapper\" data-v-b8ee7936=\"\"><div class=\"m-auto flex flex-col ml-0 py-3\" data-v-b8ee7936=\"\"><p><a href=\"https:\/\/santandreatopproperties.com\/gsr-smace\"><strong>G RENT S.P.A. (GABETTI SHORT RENT) E SMACE PORTANO LO SMART WORKING NELLE CASE DI LUSSO<\/strong><\/a><\/p><p><small data-v-b8ee7936=\"\">Gabetti Short Rent\u00a0<\/small><small data-v-b8ee7936=\"\">14-09-2021<\/small><\/p><p><em>Milano, 14 settembre 2021<\/em>\u00a0\u2013 Lo smart working continuer\u00e0 a essere uno strumento molto utilizzato dai lavoratori anche nel post pandemia e poter lavorare all\u2019interno di una casa comoda e spaziosa potr\u00e0 certamente migliorare la produttivit\u00e0 dei lavoratori. G Rent S.p.A. (che opera con il marchio Gabetti Short Rent) \u2013 proptech company attiva nel settore dell\u2019hospitality di immobili di lusso, quotata sul mercato AIM Italia di Borsa Italiana \u2013 ha siglato una partnership con SMACE la startup innovativa partecipata dall\u2019acceleratore di imprese Digital Magics Spa, per promuovere l\u2019utilizzo degli immobili di lusso destinati allo short rent per l\u2019attivit\u00e0 di smart working.<\/p><div class=\"flex flex-col space-y-4 mt-2\" data-v-b8ee7936=\"\"><div><a href=\"https:\/\/grentspa.com\/wp-content\/uploads\/2024\/01\/GabettiShortRent_cs_Smace-2.pdf\"><span class=\"cursor-pointer text-red-600 hover:text-red-700\">GabettiShortRent_cs_Smace (2)<\/span><\/a><\/div><\/div><\/div><\/div><\/article>\t\t\t\t\t\t<\/div>\n\t\t\t\t<\/div>\n\t\t\t\t\t<\/div>\n\t\t<\/div>\n\t\t\t\t\t\t\t<\/div>\n\t\t<\/section>\n\t\t\t\t<section class=\"elementor-section elementor-top-section elementor-element elementor-element-26ac3d4 elementor-section-boxed elementor-section-height-default elementor-section-height-default\" data-id=\"26ac3d4\" data-element_type=\"section\">\n\t\t\t\t\t\t<div class=\"elementor-container elementor-column-gap-default\">\n\t\t\t\t\t<div class=\"elementor-column elementor-col-50 elementor-top-column elementor-element elementor-element-2bdb5e6\" data-id=\"2bdb5e6\" data-element_type=\"column\">\n\t\t\t<div class=\"elementor-widget-wrap elementor-element-populated\">\n\t\t\t\t\t\t\t\t<div class=\"elementor-element elementor-element-89db0b0 elementor-widget elementor-widget-text-editor\" data-id=\"89db0b0\" data-element_type=\"widget\" data-widget_type=\"text-editor.default\">\n\t\t\t\t<div class=\"elementor-widget-container\">\n\t\t\t\t\t\t\t<article class=\"gsr-cms-article-card\" data-v-b8ee7936=\"\"><div class=\"gsr-cms-article-card__text-wrapper\" data-v-b8ee7936=\"\"><div class=\"m-auto flex flex-col ml-0 py-3\" data-v-b8ee7936=\"\"><p><strong><a href=\"https:\/\/santandreatopproperties.com\/gsr-brera-contract-fuori-salone\" target=\"_blank\" rel=\"noopener\">GABETTI SHORT RENT (G RENT SPA) al Fuorisalone di Milano con l&#8217;esposizione &#8220;Cento Storie&#8221; dell&#8217;artista Vincenzo Del Monaco durante l&#8217;inaugurazione del nuovo show room di Brera Contract\u201d<\/a><\/strong><\/p><p><small data-v-b8ee7936=\"\">Gabetti Short Rent\u00a0<\/small><small data-v-b8ee7936=\"\">03-09-2021<\/small><\/p><p><em>Milano, 3 settembre 2021<\/em>\u00a0\u2013 Gabetti Short Rent (G Rent SpA) &#8211; proptech company attiva nel settore dell\u2019hospitality di immobili di lusso, quotata sul mercato AIM Italia di Borsa Italiana &#8211; sar\u00e0 presente al Fuorisalone di Milano in occasione dell\u2019inaugurazione del nuovo show room di Brera Contract, durante la quale l\u2019architetto e designer pugliese Vincenzo del Monaco presenter\u00e0 \u201cCento sTORIe, dieci anni di Tori e varia umanit\u00e0\u201d<em>,\u00a0<\/em>un\u2019esposizione tra arte e gastronomia.<\/p><div class=\"flex flex-col space-y-4 mt-2\" data-v-b8ee7936=\"\"><div><a href=\"https:\/\/grentspa.com\/wp-content\/uploads\/2024\/01\/GabettiShortRent_cs_100_sTORIe-1-2.pdf\"><span class=\"cursor-pointer text-red-600 hover:text-red-700\">GabettiShortRent_cs_100_sTORIe-1 (2)<\/span><\/a><\/div><\/div><\/div><\/div><\/article>\t\t\t\t\t\t<\/div>\n\t\t\t\t<\/div>\n\t\t\t\t\t<\/div>\n\t\t<\/div>\n\t\t\t\t<div class=\"elementor-column elementor-col-50 elementor-top-column elementor-element elementor-element-0593677\" data-id=\"0593677\" data-element_type=\"column\">\n\t\t\t<div class=\"elementor-widget-wrap elementor-element-populated\">\n\t\t\t\t\t\t\t\t<div class=\"elementor-element elementor-element-1c2cc17 elementor-widget elementor-widget-text-editor\" data-id=\"1c2cc17\" data-element_type=\"widget\" data-widget_type=\"text-editor.default\">\n\t\t\t\t<div class=\"elementor-widget-container\">\n\t\t\t\t\t\t\t<article class=\"gsr-cms-article-card\" data-v-b8ee7936=\"\"><div class=\"gsr-cms-article-card__text-wrapper\" data-v-b8ee7936=\"\"><div class=\"m-auto flex flex-col ml-0 py-3\" data-v-b8ee7936=\"\"><article class=\"gsr-cms-article-card\" data-v-b8ee7936=\"\"><div class=\"gsr-cms-article-card__text-wrapper\" data-v-b8ee7936=\"\"><div class=\"m-auto flex flex-col ml-0 py-3\" data-v-b8ee7936=\"\"><p><a href=\"https:\/\/santandreatopproperties.com\/gsr-corti-affitti\" target=\"_blank\" rel=\"noopener\"><strong>Corti e di lusso, gli affitti rendono di pi\u00f9<\/strong><\/a><\/p><p><small data-v-b8ee7936=\"\">Gabetti Short Rent<\/small><small data-v-b8ee7936=\"\">09-01-2020<\/small><\/p><p>In Italia il mercato dello short rent cresce a doppia cifra, complice una redditivit\u00e0 superiore del 30% rispetto alla locazione tradizionale. I costi di gestione per\u00f2 sono pi\u00f9 alti. E si tratta di un business adatto solo ad alcune tipologie di immobili.<\/p><p>In un mercato, quello turistico\/ricettivo, in costante ricerca di soluzioni alternative e rendimenti, un tema di grande attualit\u00e0 \u00e8 rappresentato dalle locazioni a breve termine. In Italia, nel 2019, su 1,350 milioni di contratti di locazione stipulati, per un valore complessivo di 10,5 miliardi di euro, il 57,8% ha riguardato gli affitti brevi (non oltre i 30 giorni,\u00a0<em>ndr<\/em>), mentre il 30,4% \u00e8 avvenuto a canone libero e appena l\u201911,8% a canone concordato\u201d.<\/p><\/div><\/div><\/article><\/div><\/div><\/article>\t\t\t\t\t\t<\/div>\n\t\t\t\t<\/div>\n\t\t\t\t\t<\/div>\n\t\t<\/div>\n\t\t\t\t\t\t\t<\/div>\n\t\t<\/section>\n\t\t\t\t\t\t\t<\/div>\n\t\t","protected":false},"excerpt":{"rendered":"<p>Comunicati stampa istituzionali Lista Comunicati Stampa G RENT S.P.A. (GABETTI SHORT RENT) E ALPITOUR S.P.A. SIGLANO PARTNERSHIP IN ESCLUSIVA BIENNALE PER LO [&hellip;]<\/p>\n","protected":false},"author":1,"featured_media":0,"parent":1375,"menu_order":0,"comment_status":"closed","ping_status":"closed","template":"elementor_header_footer","meta":{"footnotes":""},"class_list":["post-1467","page","type-page","status-publish","hentry"],"yoast_head":"<!-- This site is optimized with the Yoast SEO plugin v22.0 - https:\/\/yoast.com\/wordpress\/plugins\/seo\/ -->\n<title>Comunicati stampa istituzionali | GRent Spa<\/title>\n<meta name=\"robots\" content=\"index, follow, max-snippet:-1, max-image-preview:large, max-video-preview:-1\" \/>\n<link rel=\"canonical\" href=\"https:\/\/grentspa.com\/index.php\/investor-relations\/comunicati-stampa-istituzionali\/\" \/>\n<meta property=\"og:locale\" content=\"it_IT\" \/>\n<meta property=\"og:type\" content=\"article\" \/>\n<meta property=\"og:title\" content=\"Comunicati stampa istituzionali | GRent Spa\" \/>\n<meta property=\"og:description\" content=\"Comunicati stampa istituzionali Lista Comunicati Stampa G RENT S.P.A. (GABETTI SHORT RENT) E ALPITOUR S.P.A. SIGLANO PARTNERSHIP IN ESCLUSIVA BIENNALE PER LO [&hellip;]\" \/>\n<meta property=\"og:url\" content=\"https:\/\/grentspa.com\/index.php\/investor-relations\/comunicati-stampa-istituzionali\/\" \/>\n<meta property=\"og:site_name\" content=\"GRent Spa\" \/>\n<meta property=\"article:modified_time\" content=\"2024-01-22T09:36:35+00:00\" \/>\n<meta name=\"twitter:card\" content=\"summary_large_image\" \/>\n<meta name=\"twitter:label1\" content=\"Tempo di lettura stimato\" \/>\n\t<meta name=\"twitter:data1\" content=\"4 minuti\" \/>\n<script type=\"application\/ld+json\" class=\"yoast-schema-graph\">{\"@context\":\"https:\/\/schema.org\",\"@graph\":[{\"@type\":\"WebPage\",\"@id\":\"https:\/\/grentspa.com\/index.php\/investor-relations\/comunicati-stampa-istituzionali\/\",\"url\":\"https:\/\/grentspa.com\/index.php\/investor-relations\/comunicati-stampa-istituzionali\/\",\"name\":\"Comunicati stampa istituzionali | GRent Spa\",\"isPartOf\":{\"@id\":\"https:\/\/grentspa.com\/#website\"},\"datePublished\":\"2024-01-20T23:10:23+00:00\",\"dateModified\":\"2024-01-22T09:36:35+00:00\",\"breadcrumb\":{\"@id\":\"https:\/\/grentspa.com\/index.php\/investor-relations\/comunicati-stampa-istituzionali\/#breadcrumb\"},\"inLanguage\":\"it-IT\",\"potentialAction\":[{\"@type\":\"ReadAction\",\"target\":[\"https:\/\/grentspa.com\/index.php\/investor-relations\/comunicati-stampa-istituzionali\/\"]}]},{\"@type\":\"BreadcrumbList\",\"@id\":\"https:\/\/grentspa.com\/index.php\/investor-relations\/comunicati-stampa-istituzionali\/#breadcrumb\",\"itemListElement\":[{\"@type\":\"ListItem\",\"position\":1,\"name\":\"Home\",\"item\":\"https:\/\/grentspa.com\/\"},{\"@type\":\"ListItem\",\"position\":2,\"name\":\"Investor Relations\",\"item\":\"https:\/\/grentspa.com\/index.php\/investor-relations\/\"},{\"@type\":\"ListItem\",\"position\":3,\"name\":\"Comunicati stampa istituzionali\"}]},{\"@type\":\"WebSite\",\"@id\":\"https:\/\/grentspa.com\/#website\",\"url\":\"https:\/\/grentspa.com\/\",\"name\":\"GRent Spa\",\"description\":\"Holding Company that invests in early-stage companies with a high technological content\",\"publisher\":{\"@id\":\"https:\/\/grentspa.com\/#organization\"},\"potentialAction\":[{\"@type\":\"SearchAction\",\"target\":{\"@type\":\"EntryPoint\",\"urlTemplate\":\"https:\/\/grentspa.com\/?s={search_term_string}\"},\"query-input\":\"required name=search_term_string\"}],\"inLanguage\":\"it-IT\"},{\"@type\":\"Organization\",\"@id\":\"https:\/\/grentspa.com\/#organization\",\"name\":\"GRent Spa\",\"url\":\"https:\/\/grentspa.com\/\",\"logo\":{\"@type\":\"ImageObject\",\"inLanguage\":\"it-IT\",\"@id\":\"https:\/\/grentspa.com\/#\/schema\/logo\/image\/\",\"url\":\"https:\/\/grentspa.com\/wp-content\/uploads\/2024\/01\/GRENT-LOGO-N.png\",\"contentUrl\":\"https:\/\/grentspa.com\/wp-content\/uploads\/2024\/01\/GRENT-LOGO-N.png\",\"width\":379,\"height\":128,\"caption\":\"GRent Spa\"},\"image\":{\"@id\":\"https:\/\/grentspa.com\/#\/schema\/logo\/image\/\"}}]}<\/script>\n<!-- \/ Yoast SEO plugin. -->","yoast_head_json":{"title":"Comunicati stampa istituzionali | GRent Spa","robots":{"index":"index","follow":"follow","max-snippet":"max-snippet:-1","max-image-preview":"max-image-preview:large","max-video-preview":"max-video-preview:-1"},"canonical":"https:\/\/grentspa.com\/index.php\/investor-relations\/comunicati-stampa-istituzionali\/","og_locale":"it_IT","og_type":"article","og_title":"Comunicati stampa istituzionali | GRent Spa","og_description":"Comunicati stampa istituzionali Lista Comunicati Stampa G RENT S.P.A. (GABETTI SHORT RENT) E ALPITOUR S.P.A. SIGLANO PARTNERSHIP IN ESCLUSIVA BIENNALE PER LO [&hellip;]","og_url":"https:\/\/grentspa.com\/index.php\/investor-relations\/comunicati-stampa-istituzionali\/","og_site_name":"GRent Spa","article_modified_time":"2024-01-22T09:36:35+00:00","twitter_card":"summary_large_image","twitter_misc":{"Tempo di lettura stimato":"4 minuti"},"schema":{"@context":"https:\/\/schema.org","@graph":[{"@type":"WebPage","@id":"https:\/\/grentspa.com\/index.php\/investor-relations\/comunicati-stampa-istituzionali\/","url":"https:\/\/grentspa.com\/index.php\/investor-relations\/comunicati-stampa-istituzionali\/","name":"Comunicati stampa istituzionali | GRent Spa","isPartOf":{"@id":"https:\/\/grentspa.com\/#website"},"datePublished":"2024-01-20T23:10:23+00:00","dateModified":"2024-01-22T09:36:35+00:00","breadcrumb":{"@id":"https:\/\/grentspa.com\/index.php\/investor-relations\/comunicati-stampa-istituzionali\/#breadcrumb"},"inLanguage":"it-IT","potentialAction":[{"@type":"ReadAction","target":["https:\/\/grentspa.com\/index.php\/investor-relations\/comunicati-stampa-istituzionali\/"]}]},{"@type":"BreadcrumbList","@id":"https:\/\/grentspa.com\/index.php\/investor-relations\/comunicati-stampa-istituzionali\/#breadcrumb","itemListElement":[{"@type":"ListItem","position":1,"name":"Home","item":"https:\/\/grentspa.com\/"},{"@type":"ListItem","position":2,"name":"Investor Relations","item":"https:\/\/grentspa.com\/index.php\/investor-relations\/"},{"@type":"ListItem","position":3,"name":"Comunicati stampa istituzionali"}]},{"@type":"WebSite","@id":"https:\/\/grentspa.com\/#website","url":"https:\/\/grentspa.com\/","name":"GRent Spa","description":"Holding Company that invests in early-stage companies with a high technological content","publisher":{"@id":"https:\/\/grentspa.com\/#organization"},"potentialAction":[{"@type":"SearchAction","target":{"@type":"EntryPoint","urlTemplate":"https:\/\/grentspa.com\/?s={search_term_string}"},"query-input":"required name=search_term_string"}],"inLanguage":"it-IT"},{"@type":"Organization","@id":"https:\/\/grentspa.com\/#organization","name":"GRent Spa","url":"https:\/\/grentspa.com\/","logo":{"@type":"ImageObject","inLanguage":"it-IT","@id":"https:\/\/grentspa.com\/#\/schema\/logo\/image\/","url":"https:\/\/grentspa.com\/wp-content\/uploads\/2024\/01\/GRENT-LOGO-N.png","contentUrl":"https:\/\/grentspa.com\/wp-content\/uploads\/2024\/01\/GRENT-LOGO-N.png","width":379,"height":128,"caption":"GRent Spa"},"image":{"@id":"https:\/\/grentspa.com\/#\/schema\/logo\/image\/"}}]}},"_links":{"self":[{"href":"https:\/\/grentspa.com\/index.php\/wp-json\/wp\/v2\/pages\/1467","targetHints":{"allow":["GET"]}}],"collection":[{"href":"https:\/\/grentspa.com\/index.php\/wp-json\/wp\/v2\/pages"}],"about":[{"href":"https:\/\/grentspa.com\/index.php\/wp-json\/wp\/v2\/types\/page"}],"author":[{"embeddable":true,"href":"https:\/\/grentspa.com\/index.php\/wp-json\/wp\/v2\/users\/1"}],"replies":[{"embeddable":true,"href":"https:\/\/grentspa.com\/index.php\/wp-json\/wp\/v2\/comments?post=1467"}],"version-history":[{"count":19,"href":"https:\/\/grentspa.com\/index.php\/wp-json\/wp\/v2\/pages\/1467\/revisions"}],"predecessor-version":[{"id":1595,"href":"https:\/\/grentspa.com\/index.php\/wp-json\/wp\/v2\/pages\/1467\/revisions\/1595"}],"up":[{"embeddable":true,"href":"https:\/\/grentspa.com\/index.php\/wp-json\/wp\/v2\/pages\/1375"}],"wp:attachment":[{"href":"https:\/\/grentspa.com\/index.php\/wp-json\/wp\/v2\/media?parent=1467"}],"curies":[{"name":"wp","href":"https:\/\/api.w.org\/{rel}","templated":true}]}}