{"id":1429,"date":"2024-01-20T22:51:26","date_gmt":"2024-01-20T22:51:26","guid":{"rendered":"https:\/\/grentspa.com\/?page_id=1429"},"modified":"2024-01-20T22:53:09","modified_gmt":"2024-01-20T22:53:09","slug":"documento-di-ammissione","status":"publish","type":"page","link":"https:\/\/grentspa.com\/index.php\/investor-relations\/documento-di-ammissione\/","title":{"rendered":"Documento di ammissione"},"content":{"rendered":"\t\t<div data-elementor-type=\"wp-page\" data-elementor-id=\"1429\" class=\"elementor elementor-1429\" data-elementor-post-type=\"page\">\n\t\t\t\t\t\t\t\t\t<div class=\"elementor-section elementor-top-section elementor-element elementor-element-13654049 elementor-section-boxed elementor-section-height-default elementor-section-height-default\" data-id=\"13654049\" data-element_type=\"section\" data-settings=\"{&quot;background_background&quot;:&quot;slideshow&quot;,&quot;background_slideshow_gallery&quot;:[{&quot;id&quot;:289,&quot;url&quot;:&quot;https:\\\/\\\/esperiainvestor.com\\\/wp-content\\\/uploads\\\/2022\\\/02\\\/andrea-ferrario-_lJ9O3ZQnbg-unsplash-scaled.jpg&quot;},{&quot;id&quot;:708,&quot;url&quot;:&quot;https:\\\/\\\/esperiainvestor.com\\\/wp-content\\\/uploads\\\/2022\\\/02\\\/Piazza-Duomo-Milano.jpg&quot;},{&quot;id&quot;:595,&quot;url&quot;:&quot;https:\\\/\\\/esperiainvestor.com\\\/wp-content\\\/uploads\\\/2022\\\/02\\\/federico-di-dio-photography-YfcdRnkNgcU-unsplash-1.jpg&quot;},{&quot;id&quot;:596,&quot;url&quot;:&quot;https:\\\/\\\/esperiainvestor.com\\\/wp-content\\\/uploads\\\/2022\\\/02\\\/simone-daino-oBlBD5VzoXc-unsplash-1.jpg&quot;},{&quot;id&quot;:594,&quot;url&quot;:&quot;https:\\\/\\\/esperiainvestor.com\\\/wp-content\\\/uploads\\\/2022\\\/02\\\/benjamin-voros-JhjDL3TZKJk-unsplash-1.jpg&quot;}],&quot;background_slideshow_transition_duration&quot;:1000,&quot;background_slideshow_ken_burns&quot;:&quot;yes&quot;,&quot;background_slideshow_loop&quot;:&quot;yes&quot;,&quot;background_slideshow_slide_duration&quot;:5000,&quot;background_slideshow_slide_transition&quot;:&quot;fade&quot;,&quot;background_slideshow_ken_burns_zoom_direction&quot;:&quot;in&quot;}\">\n\t\t\t\t\t\t\t<div class=\"elementor-background-overlay\"><\/div>\n\t\t\t\t\t\t\t<div class=\"elementor-container elementor-column-gap-default\">\n\t\t\t\t\t<div class=\"elementor-column elementor-col-50 elementor-top-column elementor-element elementor-element-14c62dca elementor-invisible\" data-id=\"14c62dca\" data-element_type=\"column\" data-settings=\"{&quot;animation&quot;:&quot;fadeIn&quot;}\">\n\t\t\t<div class=\"elementor-widget-wrap elementor-element-populated\">\n\t\t\t\t\t\t\t\t<div class=\"elementor-element elementor-element-6bf925d6 elementor-widget elementor-widget-heading\" data-id=\"6bf925d6\" data-element_type=\"widget\" data-widget_type=\"heading.default\">\n\t\t\t\t<div class=\"elementor-widget-container\">\n\t\t\t<style>\/*! elementor - v3.18.0 - 20-12-2023 *\/\n.elementor-heading-title{padding:0;margin:0;line-height:1}.elementor-widget-heading .elementor-heading-title[class*=elementor-size-]>a{color:inherit;font-size:inherit;line-height:inherit}.elementor-widget-heading .elementor-heading-title.elementor-size-small{font-size:15px}.elementor-widget-heading .elementor-heading-title.elementor-size-medium{font-size:19px}.elementor-widget-heading .elementor-heading-title.elementor-size-large{font-size:29px}.elementor-widget-heading .elementor-heading-title.elementor-size-xl{font-size:39px}.elementor-widget-heading .elementor-heading-title.elementor-size-xxl{font-size:59px}<\/style><h1 class=\"elementor-heading-title elementor-size-default\">Documento di ammissione<\/h1>\t\t<\/div>\n\t\t\t\t<\/div>\n\t\t\t\t<div class=\"elementor-element elementor-element-8d107c1 elementor-widget__width-inherit elementor-widget elementor-widget-text-editor\" data-id=\"8d107c1\" data-element_type=\"widget\" data-widget_type=\"text-editor.default\">\n\t\t\t\t<div class=\"elementor-widget-container\">\n\t\t\t<style>\/*! elementor - v3.18.0 - 20-12-2023 *\/\n.elementor-widget-text-editor.elementor-drop-cap-view-stacked .elementor-drop-cap{background-color:#69727d;color:#fff}.elementor-widget-text-editor.elementor-drop-cap-view-framed .elementor-drop-cap{color:#69727d;border:3px solid;background-color:transparent}.elementor-widget-text-editor:not(.elementor-drop-cap-view-default) .elementor-drop-cap{margin-top:8px}.elementor-widget-text-editor:not(.elementor-drop-cap-view-default) .elementor-drop-cap-letter{width:1em;height:1em}.elementor-widget-text-editor .elementor-drop-cap{float:left;text-align:center;line-height:1;font-size:50px}.elementor-widget-text-editor .elementor-drop-cap-letter{display:inline-block}<\/style>\t\t\t\t<p>Per poter accedere al presente sito web ed al documento di ammissione \u00e8 necessario leggere e accettare l\u2019informativa di seguito riportata che il lettore deve valutare attentamente prima di leggere, accedere o utilizzare in qualsiasi altra maniera le informazioni di seguito fornite. Accedendo al presente sito web, si accetta di essere soggetti ai termini e alle condizioni di seguito riportati, e a qualsivoglia successivo aggiornamento degli stessi.<\/p>\t\t\t\t\t\t<\/div>\n\t\t\t\t<\/div>\n\t\t\t\t\t<\/div>\n\t\t<\/div>\n\t\t\t\t<div class=\"elementor-column elementor-col-50 elementor-top-column elementor-element elementor-element-876d71d\" data-id=\"876d71d\" data-element_type=\"column\">\n\t\t\t<div class=\"elementor-widget-wrap\">\n\t\t\t\t\t\t\t\t\t<\/div>\n\t\t<\/div>\n\t\t\t\t\t\t\t<\/div>\n\t\t<\/div>\n\t\t\t\t<section class=\"elementor-section elementor-top-section elementor-element elementor-element-69c1395 elementor-section-boxed elementor-section-height-default elementor-section-height-default\" data-id=\"69c1395\" data-element_type=\"section\">\n\t\t\t\t\t\t<div class=\"elementor-container elementor-column-gap-default\">\n\t\t\t\t\t<div class=\"elementor-column elementor-col-100 elementor-top-column elementor-element elementor-element-26bd13c\" data-id=\"26bd13c\" data-element_type=\"column\">\n\t\t\t<div class=\"elementor-widget-wrap elementor-element-populated\">\n\t\t\t\t\t\t\t\t<div class=\"elementor-element elementor-element-1159430 elementor-widget elementor-widget-text-editor\" data-id=\"1159430\" data-element_type=\"widget\" data-widget_type=\"text-editor.default\">\n\t\t\t\t<div class=\"elementor-widget-container\">\n\t\t\t\t\t\t\t<section class=\"space-y-4 py-6\"><div id=\"97\" class=\"gsr-cms-text\" title=\"Lorem ipsum\" data-v-a09e2685=\"\"><p>Il Documento di Ammissione riportato nella presente sezione del sito web (\u201c<strong>Documento di Ammissione<\/strong>\u201d) \u00e8 un Documento di Ammissione su AIM Italia, sistema multilaterale di negoziazione organizzato e gestito da Borsa Italiana S.p.A. (\u201c<strong>AIM<\/strong>), delle azioni (\u201c<strong>Azioni<\/strong>\u201d) di G Rent S.p.A. (\u201c<strong>Societ\u00e0<\/strong>\u201d) ed \u00e8 stato redatto ai sensi del regolamento emittenti AIM Italia (\u201c<strong>Regolamento Emittenti AIM Italia<\/strong>\u201d). Il Documento di Ammissione e l\u2019operazione descritta nel medesimo non costituiscono un\u2019offerta al pubblico di strumenti finanziari n\u00e9 un\u2019ammissione di strumenti finanziari in un mercato regolamentato cos\u00ec come definiti dal Regolamento (UE) 2017\/1129 del Parlamento europeo e del Consiglio, dal Testo Unico della Finanza, dal Regolamento Consob n. 11971 del 14 maggio 1999, come successivamente modificato ed integrato, e dalle equivalenti disposizioni di legge e regolamentari applicabili all\u2019estero.<\/p><p>Le informazioni contenute nella presente sezione del sito web sono diffuse in applicazione degli articoli 3 e 26 del Regolamento Emittenti AIM.<\/p><p>Le seguenti informazioni e il Documento di Ammissione sono accessibili soltanto a soggetti che: (a) sono residenti in Italia e che non sono domiciliati n\u00e9 comunque si trovano attualmente negli Stati Uniti d\u2019America, Australia, Giappone, Canada nonch\u00e9 in qualsiasi altro Paese in cui la diffusione del Documento di Ammissione o di tali informazioni richieda l\u2019approvazione delle competenti Autorit\u00e0 locali o sia in violazione di norme o regolamenti locali (\u201cAltri Paesi\u201d); (b) non sono \u201cU.S. Person\u201d secondo la definizione contenuta nella Regulation S dello United States Securities Act del 1933, come successivamente modificato, n\u00e9 sono soggetti che agiscono per loro conto o a loro beneficio senza l\u2019esistenza di un\u2019apposita registrazione o di una specifica esenzione alla registrazione prevista ai sensi dello United States Securities Act e della normativa vigente.<\/p><p>Alla \u201cU.S. Person\u201d nel senso sopra indicato \u00e8 preclusa la possibilit\u00e0 di accesso e di download del documento di ammissione attraverso questo sito web. Per nessuna ragione e in nessuna circostanza \u00e8 consentito far circolare, direttamente o tramite terzi, il Documento di Ammissione e ogni altra informazione contenuta nella presente sezione del sito web al di fuori dell\u2019Italia, in particolare negli Stati Uniti, in Australia, in Giappone, in Canada o negli Altri Paesi, n\u00e9 \u00e8 consentito distribuire il Documento di Ammissione a una \u201cU.S. Person\u201d nel senso sopra indicato. L\u2019inosservanza di tale disposizione pu\u00f2 comportare una violazione dello United States Securities Act o della normativa applicabile in altre giurisdizioni.<\/p><p>Le informazioni contenute in questo sito web (o in qualsiasi altro sito col quale il presente sito web abbia collegamenti ipertestuali) non costituiscono offerta, invito ad offrire o attivit\u00e0 promozionale in relazione alle azioni nei confronti di alcun cittadino o soggetto residente in Canada, Australia, Giappone o negli Stati Uniti d\u2019America o in qualsiasi altro Paese nel quale tali atti non siano consentiti in assenza di specifiche esenzioni o autorizzazioni da parte delle competenti autorit\u00e0. Le azioni non sono n\u00e9 saranno oggetto di registrazione ai sensi dello United States Securities Act del 1933, cos\u00ec come modificato o presso alcuna autorit\u00e0 regolamentare di qualsiasi stato o altra giurisdizione degli stati uniti d\u2019America e non potranno essere offerte o vendute negli Stati Uniti d\u2019America o a, o per conto o a beneficio di, una U.S. Person, nel senso sopra indicato, in assenza di tale registrazione o di espressa esenzione da tale adempimento o in altri Paesi in cui l\u2019offerta di azioni sia soggetta a limitazioni in base alla normativa vigente.<\/p><p>Per accedere al presente sito web, al Documento di Ammissione e ad ogni altra informazione contenuta nelle seguenti pagine, dichiaro sotto la mia piena responsabilit\u00e0 di essere residente in Italia e di non essere domiciliato n\u00e9 di trovarmi attualmente negli Stati Uniti d\u2019America, in Australia, Giappone, in Canada o negli Altri Paesi e di non essere una \u201cU.S. Person\u201d come definita nella Regulation S dello United States Securities Act del 1933, come successivamente modificato.<\/p><p>\u00a0<\/p><\/div><\/section><section class=\"space-y-4 py-6\"><div id=\"98\" class=\"flex flex-col space-y-4\" title=\"\"><div><a href=\"https:\/\/grentspa.com\/wp-content\/uploads\/2024\/01\/G-Rent_Documento-di-Ammissione.pdf\"><span class=\"cursor-pointer text-red-600 hover:text-red-700\">G-Rent_Documento-di-Ammissione<\/span><\/a><\/div><\/div><\/section>\t\t\t\t\t\t<\/div>\n\t\t\t\t<\/div>\n\t\t\t\t\t<\/div>\n\t\t<\/div>\n\t\t\t\t\t\t\t<\/div>\n\t\t<\/section>\n\t\t\t\t\t\t\t<\/div>\n\t\t","protected":false},"excerpt":{"rendered":"<p>Documento di ammissione Per poter accedere al presente sito web ed al documento di ammissione \u00e8 necessario leggere e accettare l\u2019informativa di [&hellip;]<\/p>\n","protected":false},"author":1,"featured_media":0,"parent":1375,"menu_order":0,"comment_status":"closed","ping_status":"closed","template":"elementor_header_footer","meta":{"footnotes":""},"class_list":["post-1429","page","type-page","status-publish","hentry"],"yoast_head":"<!-- This site is optimized with the Yoast SEO plugin v22.0 - https:\/\/yoast.com\/wordpress\/plugins\/seo\/ -->\n<title>Documento di ammissione | GRent Spa<\/title>\n<meta name=\"robots\" content=\"index, follow, max-snippet:-1, max-image-preview:large, max-video-preview:-1\" \/>\n<link rel=\"canonical\" href=\"https:\/\/grentspa.com\/index.php\/investor-relations\/documento-di-ammissione\/\" \/>\n<meta property=\"og:locale\" content=\"it_IT\" \/>\n<meta property=\"og:type\" content=\"article\" \/>\n<meta property=\"og:title\" content=\"Documento di ammissione | GRent Spa\" \/>\n<meta property=\"og:description\" content=\"Documento di ammissione Per poter accedere al presente sito web ed al documento di ammissione \u00e8 necessario leggere e accettare l\u2019informativa di [&hellip;]\" \/>\n<meta property=\"og:url\" content=\"https:\/\/grentspa.com\/index.php\/investor-relations\/documento-di-ammissione\/\" \/>\n<meta property=\"og:site_name\" content=\"GRent Spa\" \/>\n<meta property=\"article:modified_time\" content=\"2024-01-20T22:53:09+00:00\" \/>\n<meta name=\"twitter:card\" content=\"summary_large_image\" \/>\n<meta name=\"twitter:label1\" content=\"Tempo di lettura stimato\" \/>\n\t<meta name=\"twitter:data1\" content=\"4 minuti\" \/>\n<script type=\"application\/ld+json\" class=\"yoast-schema-graph\">{\"@context\":\"https:\/\/schema.org\",\"@graph\":[{\"@type\":\"WebPage\",\"@id\":\"https:\/\/grentspa.com\/index.php\/investor-relations\/documento-di-ammissione\/\",\"url\":\"https:\/\/grentspa.com\/index.php\/investor-relations\/documento-di-ammissione\/\",\"name\":\"Documento di ammissione | GRent Spa\",\"isPartOf\":{\"@id\":\"https:\/\/grentspa.com\/#website\"},\"datePublished\":\"2024-01-20T22:51:26+00:00\",\"dateModified\":\"2024-01-20T22:53:09+00:00\",\"breadcrumb\":{\"@id\":\"https:\/\/grentspa.com\/index.php\/investor-relations\/documento-di-ammissione\/#breadcrumb\"},\"inLanguage\":\"it-IT\",\"potentialAction\":[{\"@type\":\"ReadAction\",\"target\":[\"https:\/\/grentspa.com\/index.php\/investor-relations\/documento-di-ammissione\/\"]}]},{\"@type\":\"BreadcrumbList\",\"@id\":\"https:\/\/grentspa.com\/index.php\/investor-relations\/documento-di-ammissione\/#breadcrumb\",\"itemListElement\":[{\"@type\":\"ListItem\",\"position\":1,\"name\":\"Home\",\"item\":\"https:\/\/grentspa.com\/\"},{\"@type\":\"ListItem\",\"position\":2,\"name\":\"Investor Relations\",\"item\":\"https:\/\/grentspa.com\/index.php\/investor-relations\/\"},{\"@type\":\"ListItem\",\"position\":3,\"name\":\"Documento di ammissione\"}]},{\"@type\":\"WebSite\",\"@id\":\"https:\/\/grentspa.com\/#website\",\"url\":\"https:\/\/grentspa.com\/\",\"name\":\"GRent Spa\",\"description\":\"Holding Company that invests in early-stage companies with a high technological content\",\"publisher\":{\"@id\":\"https:\/\/grentspa.com\/#organization\"},\"potentialAction\":[{\"@type\":\"SearchAction\",\"target\":{\"@type\":\"EntryPoint\",\"urlTemplate\":\"https:\/\/grentspa.com\/?s={search_term_string}\"},\"query-input\":\"required name=search_term_string\"}],\"inLanguage\":\"it-IT\"},{\"@type\":\"Organization\",\"@id\":\"https:\/\/grentspa.com\/#organization\",\"name\":\"GRent Spa\",\"url\":\"https:\/\/grentspa.com\/\",\"logo\":{\"@type\":\"ImageObject\",\"inLanguage\":\"it-IT\",\"@id\":\"https:\/\/grentspa.com\/#\/schema\/logo\/image\/\",\"url\":\"https:\/\/grentspa.com\/wp-content\/uploads\/2024\/01\/GRENT-LOGO-N.png\",\"contentUrl\":\"https:\/\/grentspa.com\/wp-content\/uploads\/2024\/01\/GRENT-LOGO-N.png\",\"width\":379,\"height\":128,\"caption\":\"GRent Spa\"},\"image\":{\"@id\":\"https:\/\/grentspa.com\/#\/schema\/logo\/image\/\"}}]}<\/script>\n<!-- \/ Yoast SEO plugin. -->","yoast_head_json":{"title":"Documento di ammissione | GRent Spa","robots":{"index":"index","follow":"follow","max-snippet":"max-snippet:-1","max-image-preview":"max-image-preview:large","max-video-preview":"max-video-preview:-1"},"canonical":"https:\/\/grentspa.com\/index.php\/investor-relations\/documento-di-ammissione\/","og_locale":"it_IT","og_type":"article","og_title":"Documento di ammissione | GRent Spa","og_description":"Documento di ammissione Per poter accedere al presente sito web ed al documento di ammissione \u00e8 necessario leggere e accettare l\u2019informativa di [&hellip;]","og_url":"https:\/\/grentspa.com\/index.php\/investor-relations\/documento-di-ammissione\/","og_site_name":"GRent Spa","article_modified_time":"2024-01-20T22:53:09+00:00","twitter_card":"summary_large_image","twitter_misc":{"Tempo di lettura stimato":"4 minuti"},"schema":{"@context":"https:\/\/schema.org","@graph":[{"@type":"WebPage","@id":"https:\/\/grentspa.com\/index.php\/investor-relations\/documento-di-ammissione\/","url":"https:\/\/grentspa.com\/index.php\/investor-relations\/documento-di-ammissione\/","name":"Documento di ammissione | GRent Spa","isPartOf":{"@id":"https:\/\/grentspa.com\/#website"},"datePublished":"2024-01-20T22:51:26+00:00","dateModified":"2024-01-20T22:53:09+00:00","breadcrumb":{"@id":"https:\/\/grentspa.com\/index.php\/investor-relations\/documento-di-ammissione\/#breadcrumb"},"inLanguage":"it-IT","potentialAction":[{"@type":"ReadAction","target":["https:\/\/grentspa.com\/index.php\/investor-relations\/documento-di-ammissione\/"]}]},{"@type":"BreadcrumbList","@id":"https:\/\/grentspa.com\/index.php\/investor-relations\/documento-di-ammissione\/#breadcrumb","itemListElement":[{"@type":"ListItem","position":1,"name":"Home","item":"https:\/\/grentspa.com\/"},{"@type":"ListItem","position":2,"name":"Investor Relations","item":"https:\/\/grentspa.com\/index.php\/investor-relations\/"},{"@type":"ListItem","position":3,"name":"Documento di ammissione"}]},{"@type":"WebSite","@id":"https:\/\/grentspa.com\/#website","url":"https:\/\/grentspa.com\/","name":"GRent Spa","description":"Holding Company that invests in early-stage companies with a high technological content","publisher":{"@id":"https:\/\/grentspa.com\/#organization"},"potentialAction":[{"@type":"SearchAction","target":{"@type":"EntryPoint","urlTemplate":"https:\/\/grentspa.com\/?s={search_term_string}"},"query-input":"required name=search_term_string"}],"inLanguage":"it-IT"},{"@type":"Organization","@id":"https:\/\/grentspa.com\/#organization","name":"GRent Spa","url":"https:\/\/grentspa.com\/","logo":{"@type":"ImageObject","inLanguage":"it-IT","@id":"https:\/\/grentspa.com\/#\/schema\/logo\/image\/","url":"https:\/\/grentspa.com\/wp-content\/uploads\/2024\/01\/GRENT-LOGO-N.png","contentUrl":"https:\/\/grentspa.com\/wp-content\/uploads\/2024\/01\/GRENT-LOGO-N.png","width":379,"height":128,"caption":"GRent Spa"},"image":{"@id":"https:\/\/grentspa.com\/#\/schema\/logo\/image\/"}}]}},"_links":{"self":[{"href":"https:\/\/grentspa.com\/index.php\/wp-json\/wp\/v2\/pages\/1429","targetHints":{"allow":["GET"]}}],"collection":[{"href":"https:\/\/grentspa.com\/index.php\/wp-json\/wp\/v2\/pages"}],"about":[{"href":"https:\/\/grentspa.com\/index.php\/wp-json\/wp\/v2\/types\/page"}],"author":[{"embeddable":true,"href":"https:\/\/grentspa.com\/index.php\/wp-json\/wp\/v2\/users\/1"}],"replies":[{"embeddable":true,"href":"https:\/\/grentspa.com\/index.php\/wp-json\/wp\/v2\/comments?post=1429"}],"version-history":[{"count":4,"href":"https:\/\/grentspa.com\/index.php\/wp-json\/wp\/v2\/pages\/1429\/revisions"}],"predecessor-version":[{"id":1434,"href":"https:\/\/grentspa.com\/index.php\/wp-json\/wp\/v2\/pages\/1429\/revisions\/1434"}],"up":[{"embeddable":true,"href":"https:\/\/grentspa.com\/index.php\/wp-json\/wp\/v2\/pages\/1375"}],"wp:attachment":[{"href":"https:\/\/grentspa.com\/index.php\/wp-json\/wp\/v2\/media?parent=1429"}],"curies":[{"name":"wp","href":"https:\/\/api.w.org\/{rel}","templated":true}]}}